{"id":1760,"date":"2022-02-08T01:48:59","date_gmt":"2022-02-08T01:48:59","guid":{"rendered":"http:\/\/britishenglishinstitute.com\/?page_id=1760"},"modified":"2025-09-02T11:54:52","modified_gmt":"2025-09-02T11:54:52","slug":"horary","status":"publish","type":"page","link":"https:\/\/britishenglishinstitute.com\/index.php\/horary\/","title":{"rendered":"HORARY"},"content":{"rendered":"\t\t<div data-elementor-type=\"wp-page\" data-elementor-id=\"1760\" class=\"elementor elementor-1760\">\n\t\t\t\t\t\t<section class=\"elementor-section elementor-top-section elementor-element elementor-element-3e65e31c elementor-section-boxed elementor-section-height-default elementor-section-height-default\" data-id=\"3e65e31c\" data-element_type=\"section\" data-e-type=\"section\" data-settings=\"{&quot;background_background&quot;:&quot;gradient&quot;}\">\n\t\t\t\t\t\t<div class=\"elementor-container elementor-column-gap-no\">\n\t\t\t\t\t<div class=\"elementor-column elementor-col-100 elementor-top-column elementor-element elementor-element-33a95758\" data-id=\"33a95758\" data-element_type=\"column\" data-e-type=\"column\">\n\t\t\t<div class=\"elementor-widget-wrap elementor-element-populated\">\n\t\t\t\t\t\t<div class=\"elementor-element elementor-element-58924777 elementor-widget elementor-widget-heading\" data-id=\"58924777\" data-element_type=\"widget\" data-e-type=\"widget\" data-widget_type=\"heading.default\">\n\t\t\t\t<div class=\"elementor-widget-container\">\n\t\t\t\t\t<h1 class=\"elementor-heading-title elementor-size-default\">HORARIOS BEI 2026<\/h1>\t\t\t\t<\/div>\n\t\t\t\t<\/div>\n\t\t\t\t\t<\/div>\n\t\t<\/div>\n\t\t\t\t\t<\/div>\n\t\t<\/section>\n\t\t\t\t<section class=\"elementor-section elementor-top-section elementor-element elementor-element-79a4292e elementor-section-boxed elementor-section-height-default elementor-section-height-default\" data-id=\"79a4292e\" data-element_type=\"section\" data-e-type=\"section\">\n\t\t\t\t\t\t<div class=\"elementor-container elementor-column-gap-no\">\n\t\t\t\t\t<div class=\"elementor-column elementor-col-100 elementor-top-column elementor-element elementor-element-db03500\" data-id=\"db03500\" data-element_type=\"column\" data-e-type=\"column\">\n\t\t\t<div class=\"elementor-widget-wrap elementor-element-populated\">\n\t\t\t\t\t\t<section class=\"elementor-section elementor-inner-section elementor-element elementor-element-4a42cf1e elementor-section-boxed elementor-section-height-default elementor-section-height-default\" data-id=\"4a42cf1e\" data-element_type=\"section\" data-e-type=\"section\">\n\t\t\t\t\t\t<div class=\"elementor-container elementor-column-gap-no\">\n\t\t\t\t\t<div class=\"elementor-column elementor-col-100 elementor-inner-column elementor-element elementor-element-49f8685c\" data-id=\"49f8685c\" data-element_type=\"column\" data-e-type=\"column\">\n\t\t\t<div class=\"elementor-widget-wrap elementor-element-populated\">\n\t\t\t\t\t\t\t<\/div>\n\t\t<\/div>\n\t\t\t\t\t<\/div>\n\t\t<\/section>\n\t\t\t\t<section class=\"elementor-section elementor-inner-section elementor-element elementor-element-32b58ef6 elementor-section-boxed elementor-section-height-default elementor-section-height-default\" data-id=\"32b58ef6\" data-element_type=\"section\" data-e-type=\"section\">\n\t\t\t\t\t\t<div class=\"elementor-container elementor-column-gap-no\">\n\t\t\t\t\t<div class=\"elementor-column elementor-col-33 elementor-inner-column elementor-element elementor-element-30396a1a\" data-id=\"30396a1a\" data-element_type=\"column\" data-e-type=\"column\">\n\t\t\t<div class=\"elementor-widget-wrap elementor-element-populated\">\n\t\t\t\t\t\t<div class=\"elementor-element elementor-element-49bec8e0 elementor-widget__width-initial elementor-widget-divider--view-line elementor-widget elementor-widget-divider\" data-id=\"49bec8e0\" data-element_type=\"widget\" data-e-type=\"widget\" data-widget_type=\"divider.default\">\n\t\t\t\t<div class=\"elementor-widget-container\">\n\t\t\t\t\t\t\t<div class=\"elementor-divider\">\n\t\t\t<span class=\"elementor-divider-separator\">\n\t\t\t\t\t\t<\/span>\n\t\t<\/div>\n\t\t\t\t\t\t<\/div>\n\t\t\t\t<\/div>\n\t\t\t\t<div class=\"elementor-element elementor-element-467fd10e elementor-widget elementor-widget-text-editor\" data-id=\"467fd10e\" data-element_type=\"widget\" data-e-type=\"widget\" data-widget_type=\"text-editor.default\">\n\t\t\t\t<div class=\"elementor-widget-container\">\n\t\t\t\t\t\t\t\t\t<p><b><u>STARTERS:<\/u><\/b><\/p><p>Martes y Jueves\u00a0 18:00 hS.<\/p><p><b><u>KIDS 1:<\/u><\/b><\/p><p>Martes y Jueves 16:00 Hs.<br \/><span style=\"font-size: 16px; font-style: normal; font-weight: 400;\">Martes y Jueves 17:00 Hs.<\/span><span style=\"font-size: 16px;\"><br \/><\/span><span style=\"font-size: 16px; font-style: normal; font-weight: 400;\">Martes y Jueves 18:00 Hs.<\/span><\/p><p><b><u>KIDS 2:<\/u><\/b><\/p><p><span style=\"font-size: 16px; font-style: normal; font-weight: 400;\">Lunes y Mi\u00e9rcoles 17:00 Hs.<\/span><br \/><span style=\"font-size: 16px; font-style: normal; font-weight: 400;\">Lunes y Mi\u00e9rcoles 18:00 Hs.<\/span><span style=\"font-size: 16px;\"><br \/><\/span><span style=\"font-size: 16px; font-style: normal; font-weight: 400;\">Lunes y Mi\u00e9rcoles 19:00 Hs.<\/span><\/p><p><b><u>KIDS 3:<\/u><\/b><\/p><p><span style=\"font-size: 16px; font-style: normal; font-weight: 400;\">Lunes y Mi\u00e9rcoles 17:00 Hs.\u00a0<br \/><\/span><span style=\"font-size: 16px;\">Martes y Jueves\u00a0 \u00a0 \u00a018:00 Hs<br \/><\/span><span style=\"font-size: 16px;\">Martes y Jueves\u00a0 \u00a0 \u00a019:00 Hs.<\/span><\/p>\t\t\t\t\t\t\t\t<\/div>\n\t\t\t\t<\/div>\n\t\t\t\t\t<\/div>\n\t\t<\/div>\n\t\t\t\t<div class=\"elementor-column elementor-col-33 elementor-inner-column elementor-element elementor-element-c0bff82\" data-id=\"c0bff82\" data-element_type=\"column\" data-e-type=\"column\">\n\t\t\t<div class=\"elementor-widget-wrap elementor-element-populated\">\n\t\t\t\t\t\t<div class=\"elementor-element elementor-element-4d32d96 elementor-widget-divider--view-line elementor-widget elementor-widget-divider\" data-id=\"4d32d96\" data-element_type=\"widget\" data-e-type=\"widget\" data-widget_type=\"divider.default\">\n\t\t\t\t<div class=\"elementor-widget-container\">\n\t\t\t\t\t\t\t<div class=\"elementor-divider\">\n\t\t\t<span class=\"elementor-divider-separator\">\n\t\t\t\t\t\t<\/span>\n\t\t<\/div>\n\t\t\t\t\t\t<\/div>\n\t\t\t\t<\/div>\n\t\t\t\t<div class=\"elementor-element elementor-element-71f35c8 elementor-widget__width-initial elementor-widget elementor-widget-text-editor\" data-id=\"71f35c8\" data-element_type=\"widget\" data-e-type=\"widget\" data-widget_type=\"text-editor.default\">\n\t\t\t\t<div class=\"elementor-widget-container\">\n\t\t\t\t\t\t\t\t\t<p><b><u>ADOLESCENTS 1:<\/u><\/b><\/p>\n<p><span style=\"font-size: 16px; font-style: normal; font-weight: 400;\">Martes y Jueves 16:00 Hs.<\/span><br><span style=\"font-size: 16px; font-style: normal; font-weight: 400;\">Martes y Jueves 17:00 Hs.<\/span><span style=\"font-size: 16px;\"><br><\/span><span style=\"font-size: 16px; font-style: normal; font-weight: 400;\">Martes y Jueves 19:00 Hs.<\/span><\/p>\n<p><b><u>2ND. ADOLESCENTS:<\/u><\/b><\/p>\n<p><span style=\"font-size: 16px; font-style: normal; font-weight: 400;\">Lunes y Mi\u00e9rcoles 16:00 Hs.<\/span><br><span style=\"font-size: 16px;\">Martes y Jueves&nbsp; &nbsp; &nbsp;17:00 Hs.<br><\/span><span style=\"font-size: 16px; font-style: normal; font-weight: 400;\">Martes y Jueves&nbsp; &nbsp; &nbsp;19:00 Hs.<\/span><\/p>\n<p><b><u>3RD. ADOLESCENTS:<\/u><\/b><\/p>\n<p><span style=\"font-size: 16px; font-style: normal; font-weight: 400;\">Lunes y Mi\u00e9rcoles 16:00 Hs.<\/span><br><span style=\"font-size: 16px; font-style: normal; font-weight: 400;\">Lunes y Mi\u00e9rcoles<\/span><span style=\"font-size: 16px; font-style: normal; font-weight: 400;\">&nbsp;17:00 Hs.<br><\/span><span style=\"font-size: 16px; font-style: normal; font-weight: 400;\">Martes y Jueves&nbsp; &nbsp; &nbsp;17:00 Hs.<br><\/span><span style=\"font-size: 16px; font-style: normal; font-weight: 400;\">Martes y Jueves&nbsp; &nbsp; &nbsp;19:00 Hs.<\/span><\/p>\t\t\t\t\t\t\t\t<\/div>\n\t\t\t\t<\/div>\n\t\t\t\t\t<\/div>\n\t\t<\/div>\n\t\t\t\t<div class=\"elementor-column elementor-col-33 elementor-inner-column elementor-element elementor-element-4a8d667\" data-id=\"4a8d667\" data-element_type=\"column\" data-e-type=\"column\">\n\t\t\t<div class=\"elementor-widget-wrap elementor-element-populated\">\n\t\t\t\t\t\t<div class=\"elementor-element elementor-element-8ed366d elementor-widget-divider--view-line elementor-widget elementor-widget-divider\" data-id=\"8ed366d\" data-element_type=\"widget\" data-e-type=\"widget\" data-widget_type=\"divider.default\">\n\t\t\t\t<div class=\"elementor-widget-container\">\n\t\t\t\t\t\t\t<div class=\"elementor-divider\">\n\t\t\t<span class=\"elementor-divider-separator\">\n\t\t\t\t\t\t<\/span>\n\t\t<\/div>\n\t\t\t\t\t\t<\/div>\n\t\t\t\t<\/div>\n\t\t\t\t<div class=\"elementor-element elementor-element-ad84ef6 elementor-widget elementor-widget-text-editor\" data-id=\"ad84ef6\" data-element_type=\"widget\" data-e-type=\"widget\" data-widget_type=\"text-editor.default\">\n\t\t\t\t<div class=\"elementor-widget-container\">\n\t\t\t\t\t\t\t\t\t<p><b><u>4TH ADOLESCENTS<\/u><\/b><\/p><p>Lunes y Mi\u00e9rcoles\u00a019:00 Hs.<br \/>Martes y Jueves\u00a0 \u00a0 \u00a019:00 Hs.<\/p><p><br \/><b><u>5TH ADOLESCENTS &amp; 6 PRE \/ FCE<\/u><\/b><\/p><p>Lunes y Mi\u00e9rcoles\u00a019:00 Hs.<br \/>Martes y Jueves\u00a0 \u00a0 \u00a016:00 Hs.<\/p><p><em>Adem\u00e0s, contamos con una hora extra semanal para practicar Sample Test for FCE<\/em><\/p><p><b style=\"font-style: inherit;\"><u>SENIORS \/ ADULTOS<br \/><\/u><\/b><span style=\"font-size: 16px; font-style: normal;\">Clases OnLine una vez por semana una hora y media.<\/span><b style=\"font-style: inherit;\"><u><br \/><\/u><\/b><\/p><p><b><u>WORKSHOP<\/u><\/b><\/p><p>Taller de recuperaci\u00f3n de clases<\/p>\t\t\t\t\t\t\t\t<\/div>\n\t\t\t\t<\/div>\n\t\t\t\t\t<\/div>\n\t\t<\/div>\n\t\t\t\t\t<\/div>\n\t\t<\/section>\n\t\t\t\t\t<\/div>\n\t\t<\/div>\n\t\t\t\t\t<\/div>\n\t\t<\/section>\n\t\t\t\t<\/div>\n\t\t","protected":false},"excerpt":{"rendered":"<p>HORARIOS BEI 2026 STARTERS: Martes y Jueves\u00a0 18:00 hS. KIDS 1: Martes y Jueves 16:00 Hs.Martes y Jueves 17:00 Hs.Martes y Jueves 18:00 Hs. KIDS 2: Lunes y Mi\u00e9rcoles 17:00 Hs.Lunes y Mi\u00e9rcoles 18:00 Hs.Lunes y Mi\u00e9rcoles 19:00 Hs. KIDS 3: Lunes y Mi\u00e9rcoles 17:00 Hs.\u00a0Martes y Jueves\u00a0 \u00a0 \u00a018:00 HsMartes y Jueves\u00a0 \u00a0 \u00a019:00 [&hellip;]<\/p>\n","protected":false},"author":1,"featured_media":0,"parent":0,"menu_order":0,"comment_status":"closed","ping_status":"closed","template":"","meta":{"_uag_custom_page_level_css":"","site-sidebar-layout":"no-sidebar","site-content-layout":"page-builder","ast-site-content-layout":"full-width-container","site-content-style":"unboxed","site-sidebar-style":"unboxed","ast-global-header-display":"","ast-banner-title-visibility":"","ast-main-header-display":"","ast-hfb-above-header-display":"","ast-hfb-below-header-display":"","ast-hfb-mobile-header-display":"","site-post-title":"","ast-breadcrumbs-content":"","ast-featured-img":"disabled","footer-sml-layout":"","ast-disable-related-posts":"","theme-transparent-header-meta":"default","adv-header-id-meta":"","stick-header-meta":"","header-above-stick-meta":"","header-main-stick-meta":"","header-below-stick-meta":"","astra-migrate-meta-layouts":"set","ast-page-background-enabled":"default","ast-page-background-meta":{"desktop":{"background-color":"","background-image":"","background-repeat":"repeat","background-position":"center center","background-size":"auto","background-attachment":"scroll","background-type":"","background-media":"","overlay-type":"","overlay-color":"","overlay-opacity":"","overlay-gradient":""},"tablet":{"background-color":"","background-image":"","background-repeat":"repeat","background-position":"center center","background-size":"auto","background-attachment":"scroll","background-type":"","background-media":"","overlay-type":"","overlay-color":"","overlay-opacity":"","overlay-gradient":""},"mobile":{"background-color":"","background-image":"","background-repeat":"repeat","background-position":"center center","background-size":"auto","background-attachment":"scroll","background-type":"","background-media":"","overlay-type":"","overlay-color":"","overlay-opacity":"","overlay-gradient":""}},"ast-content-background-meta":{"desktop":{"background-color":"var(--ast-global-color-5)","background-image":"","background-repeat":"repeat","background-position":"center center","background-size":"auto","background-attachment":"scroll","background-type":"","background-media":"","overlay-type":"","overlay-color":"","overlay-opacity":"","overlay-gradient":""},"tablet":{"background-color":"var(--ast-global-color-5)","background-image":"","background-repeat":"repeat","background-position":"center center","background-size":"auto","background-attachment":"scroll","background-type":"","background-media":"","overlay-type":"","overlay-color":"","overlay-opacity":"","overlay-gradient":""},"mobile":{"background-color":"var(--ast-global-color-5)","background-image":"","background-repeat":"repeat","background-position":"center center","background-size":"auto","background-attachment":"scroll","background-type":"","background-media":"","overlay-type":"","overlay-color":"","overlay-opacity":"","overlay-gradient":""}},"footnotes":""},"class_list":["post-1760","page","type-page","status-publish","hentry"],"uagb_featured_image_src":{"full":false,"thumbnail":false,"medium":false,"medium_large":false,"large":false,"1536x1536":false,"2048x2048":false},"uagb_author_info":{"display_name":"GeralHost","author_link":"https:\/\/britishenglishinstitute.com\/index.php\/author\/geralhost\/"},"uagb_comment_info":0,"uagb_excerpt":"HORARIOS BEI 2026 STARTERS: Martes y Jueves\u00a0 18:00 hS. KIDS 1: Martes y Jueves 16:00 Hs.Martes y Jueves 17:00 Hs.Martes y Jueves 18:00 Hs. KIDS 2: Lunes y Mi\u00e9rcoles 17:00 Hs.Lunes y Mi\u00e9rcoles 18:00 Hs.Lunes y Mi\u00e9rcoles 19:00 Hs. KIDS 3: Lunes y Mi\u00e9rcoles 17:00 Hs.\u00a0Martes y Jueves\u00a0 \u00a0 \u00a018:00 HsMartes y Jueves\u00a0 \u00a0 \u00a019:00&hellip;","_links":{"self":[{"href":"https:\/\/britishenglishinstitute.com\/index.php\/wp-json\/wp\/v2\/pages\/1760","targetHints":{"allow":["GET"]}}],"collection":[{"href":"https:\/\/britishenglishinstitute.com\/index.php\/wp-json\/wp\/v2\/pages"}],"about":[{"href":"https:\/\/britishenglishinstitute.com\/index.php\/wp-json\/wp\/v2\/types\/page"}],"author":[{"embeddable":true,"href":"https:\/\/britishenglishinstitute.com\/index.php\/wp-json\/wp\/v2\/users\/1"}],"replies":[{"embeddable":true,"href":"https:\/\/britishenglishinstitute.com\/index.php\/wp-json\/wp\/v2\/comments?post=1760"}],"version-history":[{"count":60,"href":"https:\/\/britishenglishinstitute.com\/index.php\/wp-json\/wp\/v2\/pages\/1760\/revisions"}],"predecessor-version":[{"id":2722,"href":"https:\/\/britishenglishinstitute.com\/index.php\/wp-json\/wp\/v2\/pages\/1760\/revisions\/2722"}],"wp:attachment":[{"href":"https:\/\/britishenglishinstitute.com\/index.php\/wp-json\/wp\/v2\/media?parent=1760"}],"curies":[{"name":"wp","href":"https:\/\/api.w.org\/{rel}","templated":true}]}}